{"id":32,"date":"2021-12-08T19:09:21","date_gmt":"2021-12-08T19:09:21","guid":{"rendered":"https:\/\/eticaformacion.es\/?page_id=32"},"modified":"2021-12-08T21:09:29","modified_gmt":"2021-12-08T21:09:29","slug":"nuestro-servicios","status":"publish","type":"page","link":"https:\/\/eticaformacion.es\/?page_id=32","title":{"rendered":"Nuestro servicios"},"content":{"rendered":"<pre><span style=\"color: #000080;\">CONSULTOR\u00cdA EN FORMACI\u00d3N<\/span><\/pre>\n<p>Disponemos de un servicio de Consultor\u00eda especializado dise\u00f1ar planes de formaci\u00f3n para empresas a medida, adaptando contenidos, metodolog\u00eda, niveles, duraci\u00f3n seg\u00fan los objetivos a conseguir, seg\u00fan las necesidades de su empresa.<\/p>\n<p>&nbsp;<\/p>\n<pre><span style=\"color: #000080;\">FORMACI\u00d3N PROGRAMADA POR LAS EMPRESAS (BONIFICADA)<\/span><\/pre>\n<p>Tu empresa dispone de un cr\u00e9dito para la formaci\u00f3n de sus trabajadores mediante la aplicaci\u00f3n de bonificaciones en sus cotizaciones a la Seguridad Social. La formaci\u00f3n financiada a trav\u00e9s de estas ayudas abarca la formaci\u00f3n programada por las empresas, cuyo objetivo es responder a necesidades formativas espec\u00edficas, as\u00ed como los permisos individuales de formaci\u00f3n.<\/p>\n<p>El cr\u00e9dito disponible en cada ejercicio se calcula a partir de dos datos: lo cotizado por la empresa en concepto de Formaci\u00f3n Profesional en el a\u00f1o anterior y el tama\u00f1o de su plantilla, que determinar\u00e1 el porcentaje del importe cotizado al cual tiene derecho la empresa.<\/p>\n<p>Todas las empresas que cotizan por Formaci\u00f3n Profesional, independientemente de su tama\u00f1o y fecha de creaci\u00f3n, disponen de un cr\u00e9dito para formaci\u00f3n m\u00ednimo de 420 euros.<\/p>\n<p>Tu empresa puede:<\/p>\n<div class=\"stepsPanel\">\n<div class=\"row\">\n<div class=\"col-xs-12\">\n<ul class=\"lastul\">\n<li>Organizar la formaci\u00f3n y gestionar su bonificaci\u00f3n por s\u00ed misma, e impartirla con medios propios o contratando a una entidad de formaci\u00f3n.<\/li>\n<li>Contratar a una entidad organizadora para que gestione la formaci\u00f3n y su bonificaci\u00f3n. En \u00e9ste caso, esta entidad ser\u00e1 la que, o bien imparta la formaci\u00f3n, o bien contrate a una entidad que lo haga, debiendo estar acreditada o inscrita en el Registro Estatal de entidades de formaci\u00f3n.<\/li>\n<\/ul>\n<p>Nosotros somos entidad inscrita en el Registro Estatal de entidades formaci\u00f3n, por lo que podemos impartir formaci\u00f3n programada por las empresas para sus trabajadores no incluida en el Cat\u00e1logo de Especialidades, sin perjuicio de las actuaciones posteriores de verificaci\u00f3n del cumplimiento de las declaraciones y de seguimiento y control que correspondan a las Administraciones competentes.<\/p>\n<h6 style=\"text-align: right;\"><em>Fuente <a href=\"http:\/\/www.fundae.es\" target=\"_blank\" rel=\"noopener\">Fundae<\/a><\/em><\/h6>\n<\/div>\n<\/div>\n<\/div>\n","protected":false},"excerpt":{"rendered":"<p>CONSULTOR\u00cdA EN FORMACI\u00d3N Disponemos de un servicio de Consultor\u00eda especializado dise\u00f1ar planes de formaci\u00f3n para empresas a medida, adaptando contenidos, metodolog\u00eda, niveles, duraci\u00f3n seg\u00fan los objetivos a conseguir, seg\u00fan las necesidades de su empresa. &nbsp; FORMACI\u00d3N PROGRAMADA POR LAS EMPRESAS (BONIFICADA) Tu empresa dispone de un cr\u00e9dito para la formaci\u00f3n de sus trabajadores mediante la [&hellip;]<\/p>\n","protected":false},"author":1,"featured_media":0,"parent":0,"menu_order":0,"comment_status":"closed","ping_status":"closed","template":"","meta":{"footnotes":""},"class_list":["post-32","page","type-page","status-publish","hentry"],"_links":{"self":[{"href":"https:\/\/eticaformacion.es\/index.php?rest_route=\/wp\/v2\/pages\/32","targetHints":{"allow":["GET"]}}],"collection":[{"href":"https:\/\/eticaformacion.es\/index.php?rest_route=\/wp\/v2\/pages"}],"about":[{"href":"https:\/\/eticaformacion.es\/index.php?rest_route=\/wp\/v2\/types\/page"}],"author":[{"embeddable":true,"href":"https:\/\/eticaformacion.es\/index.php?rest_route=\/wp\/v2\/users\/1"}],"replies":[{"embeddable":true,"href":"https:\/\/eticaformacion.es\/index.php?rest_route=%2Fwp%2Fv2%2Fcomments&post=32"}],"version-history":[{"count":6,"href":"https:\/\/eticaformacion.es\/index.php?rest_route=\/wp\/v2\/pages\/32\/revisions"}],"predecessor-version":[{"id":43,"href":"https:\/\/eticaformacion.es\/index.php?rest_route=\/wp\/v2\/pages\/32\/revisions\/43"}],"wp:attachment":[{"href":"https:\/\/eticaformacion.es\/index.php?rest_route=%2Fwp%2Fv2%2Fmedia&parent=32"}],"curies":[{"name":"wp","href":"https:\/\/api.w.org\/{rel}","templated":true}]}}