{"id":2,"date":"2021-12-07T16:27:31","date_gmt":"2021-12-07T16:27:31","guid":{"rendered":"https:\/\/eticaformacion.es\/?page_id=2"},"modified":"2021-12-08T21:10:15","modified_gmt":"2021-12-08T21:10:15","slug":"sample-page","status":"publish","type":"page","link":"https:\/\/eticaformacion.es\/","title":{"rendered":"Quienes somos"},"content":{"rendered":"<p>Somos un equipo de profesionales con m\u00e1s de 20 a\u00f1os de experiencia en el sector de la formaci\u00f3n privada, tanto para empresas como particulares.<\/p>\n<p>Nuestra <span style=\"color: #000080;\">MISI\u00d3N<\/span> es brindar servicios de gesti\u00f3n de manera cort\u00e9s, amigable, \u00e9tica y con integridad. Somos un proveedor de servicios con el prop\u00f3sito de mejora del desempe\u00f1o de las operaciones de nuestros clientes asegurando una protecci\u00f3n del consumidor.<\/p>\n<p>&nbsp;<\/p>\n<pre><span style=\"color: #000080;\">NUESTROS VALORES<\/span>:<\/pre>\n<p><span style=\"color: #000080;\">INTEGRIDAD<\/span>: mantenemos nuestros valores y condiciones.<\/p>\n<p><span style=\"color: #000080;\">RENTABILIDAD<\/span>: no elevamos costes innecesarios.<\/p>\n<p><span style=\"color: #000080;\">VIGILANCIA<\/span>: nos esforzamos por mantener actualizaciones e informaci\u00f3n de valor para las organizaciones.<\/p>\n<p><span style=\"color: #000080;\">\u00c9TICA<\/span>: mantenemos un comportamiento que nos hace confiables.<\/p>\n","protected":false},"excerpt":{"rendered":"<p>Somos un equipo de profesionales con m\u00e1s de 20 a\u00f1os de experiencia en el sector de la formaci\u00f3n privada, tanto para empresas como particulares. Nuestra MISI\u00d3N es brindar servicios de gesti\u00f3n de manera cort\u00e9s, amigable, \u00e9tica y con integridad. Somos un proveedor de servicios con el prop\u00f3sito de mejora del desempe\u00f1o de las operaciones de [&hellip;]<\/p>\n","protected":false},"author":1,"featured_media":0,"parent":0,"menu_order":0,"comment_status":"closed","ping_status":"open","template":"","meta":{"footnotes":""},"class_list":["post-2","page","type-page","status-publish","hentry"],"_links":{"self":[{"href":"https:\/\/eticaformacion.es\/index.php?rest_route=\/wp\/v2\/pages\/2","targetHints":{"allow":["GET"]}}],"collection":[{"href":"https:\/\/eticaformacion.es\/index.php?rest_route=\/wp\/v2\/pages"}],"about":[{"href":"https:\/\/eticaformacion.es\/index.php?rest_route=\/wp\/v2\/types\/page"}],"author":[{"embeddable":true,"href":"https:\/\/eticaformacion.es\/index.php?rest_route=\/wp\/v2\/users\/1"}],"replies":[{"embeddable":true,"href":"https:\/\/eticaformacion.es\/index.php?rest_route=%2Fwp%2Fv2%2Fcomments&post=2"}],"version-history":[{"count":6,"href":"https:\/\/eticaformacion.es\/index.php?rest_route=\/wp\/v2\/pages\/2\/revisions"}],"predecessor-version":[{"id":44,"href":"https:\/\/eticaformacion.es\/index.php?rest_route=\/wp\/v2\/pages\/2\/revisions\/44"}],"wp:attachment":[{"href":"https:\/\/eticaformacion.es\/index.php?rest_route=%2Fwp%2Fv2%2Fmedia&parent=2"}],"curies":[{"name":"wp","href":"https:\/\/api.w.org\/{rel}","templated":true}]}}